{"id":4108,"date":"2024-08-08T17:51:58","date_gmt":"2024-08-08T17:51:58","guid":{"rendered":"https:\/\/vps-4371552-x.dattaweb.com\/?page_id=4108"},"modified":"2024-08-28T02:01:31","modified_gmt":"2024-08-28T02:01:31","slug":"especialidades-medicas","status":"publish","type":"page","link":"https:\/\/vps-4371552-x.dattaweb.com\/index.php\/especialidades-medicas\/","title":{"rendered":"Especialidades M\u00e9dicas"},"content":{"rendered":"<p>[vc_row][vc_column]<div class=\"mkd-section-title-holder\">\n\t<h2 class=\"mkd-section-title\" >\n\tEspecialidades M\u00e9dicas<\/h2>\n<\/div>[\/vc_column][\/vc_row][vc_row content_aligment=&#8221;center&#8221;][vc_column width=&#8221;1\/3&#8243;][vc_single_image image=&#8221;4137&#8243; alignment=&#8221;center&#8221;][vc_column_text]<\/p>\n<h5 style=\"text-align: center;\">ALGOLOG\u00cdA<\/h5>\n<p>[\/vc_column_text][vc_column_text]<\/p>\n<p style=\"text-align: center;\">Ciencia que estudia el dolor y tratamiento del dolor<\/p>\n<p>[\/vc_column_text]<a href=\"https:\/\/vps-4371552-x.dattaweb.com\/index.php\/algologia\/\" target=\"_self\"  class=\"mkd-btn mkd-btn-small mkd-btn-solid mkd-btn-hover-outline\"  >\n\t\t<span class=\"mkd-btn-text\">Ver m\u00e1s<\/span>\n\t\n\t\t\t<span class=\"mkd-btn-helper\" ><\/span>\n\t<\/a>[\/vc_column][vc_column width=&#8221;1\/3&#8243;][vc_single_image image=&#8221;4141&#8243; alignment=&#8221;center&#8221;][vc_column_text]<\/p>\n<h5 style=\"text-align: center;\">ANGIOLOG\u00cdA<\/h5>\n<p>[\/vc_column_text][vc_column_text]<\/p>\n<p style=\"text-align: center;\">Especialidad m\u00e9dico-quir\u00fargica encargada del diagn\u00f3stico y tratamiento de enfermedades que afecten a los vasos sangu\u00edneos, ya sean venas o arterias.<\/p>\n<p>[\/vc_column_text]<a href=\"https:\/\/vps-4371552-x.dattaweb.com\/index.php\/angiologia\/\" target=\"_self\"  class=\"mkd-btn mkd-btn-small mkd-btn-solid mkd-btn-hover-outline\"  >\n\t\t<span class=\"mkd-btn-text\">Ver m\u00e1s<\/span>\n\t\n\t\t\t<span class=\"mkd-btn-helper\" ><\/span>\n\t<\/a>[\/vc_column][vc_column width=&#8221;1\/3&#8243;][vc_single_image image=&#8221;4144&#8243; alignment=&#8221;center&#8221;][vc_column_text]<\/p>\n<h5 style=\"text-align: center;\">CARDIOLOG\u00cdA INTERVENCIONISTA<\/h5>\n<p>[\/vc_column_text][vc_column_text]<\/p>\n<p style=\"text-align: center;\">Es una subespecialidad de la cardiolog\u00eda que se dedica al diagn\u00f3stico exacto y tratamiento de la enfermedad y sus consecuencias sobre el coraz\u00f3n, a trav\u00e9s de procedimientos m\u00ednimamente invasivos.<\/p>\n<p>[\/vc_column_text]<a href=\"https:\/\/vps-4371552-x.dattaweb.com\/index.php\/cardiologia-intervencionista\/\" target=\"_self\"  class=\"mkd-btn mkd-btn-small mkd-btn-solid mkd-btn-hover-outline\"  >\n\t\t<span class=\"mkd-btn-text\">Ver m\u00e1s<\/span>\n\t\n\t\t\t<span class=\"mkd-btn-helper\" ><\/span>\n\t<\/a>[\/vc_column][\/vc_row][vc_row content_aligment=&#8221;center&#8221;][vc_column width=&#8221;1\/3&#8243;][vc_single_image image=&#8221;4144&#8243; alignment=&#8221;center&#8221;][vc_column_text]<\/p>\n<h5 style=\"text-align: center;\">CARDIOLOG\u00cdA<\/h5>\n<p>[\/vc_column_text][vc_column_text]<\/p>\n<p style=\"text-align: center;\">Rama de la medicina que se especializa en el diagn\u00f3stico, tratamiento y prevenci\u00f3n de las enfermedades cardiovasculares (enfermedad de las arterias coronarias, problemas del ritmo del coraz\u00f3n e insuficiencia card\u00edaca).<\/p>\n<p>[\/vc_column_text]<a href=\"https:\/\/vps-4371552-x.dattaweb.com\/index.php\/cardiologia\/\" target=\"_self\"  class=\"mkd-btn mkd-btn-small mkd-btn-solid mkd-btn-hover-outline\"  >\n\t\t<span class=\"mkd-btn-text\">Ver m\u00e1s<\/span>\n\t\n\t\t\t<span class=\"mkd-btn-helper\" ><\/span>\n\t<\/a>[\/vc_column][vc_column width=&#8221;1\/3&#8243;][vc_single_image image=&#8221;4147&#8243; alignment=&#8221;center&#8221;][vc_column_text]<\/p>\n<h5 style=\"text-align: center;\">CIRUG\u00cdA DA VINCI<\/h5>\n<p>[\/vc_column_text][vc_column_text]<\/p>\n<p style=\"text-align: center;\">Cirug\u00eda consiste en la asistencia de un sofisticado aparato inteligente para realizar cirug\u00edas a trav\u00e9s de una c\u00e1mara que se introduce al interior del cuerpo humano por peque\u00f1as incisiones. Es decir, utiliza el mismo principio de la cirug\u00eda laparosc\u00f3pica pero adicionando un sistema rob\u00f3tico.<\/p>\n<p>[\/vc_column_text]<a href=\"https:\/\/vps-4371552-x.dattaweb.com\/index.php\/cirugia-da-vinci\" target=\"_self\"  class=\"mkd-btn mkd-btn-small mkd-btn-solid mkd-btn-hover-outline\"  >\n\t\t<span class=\"mkd-btn-text\">Ver m\u00e1s<\/span>\n\t\n\t\t\t<span class=\"mkd-btn-helper\" ><\/span>\n\t<\/a>[\/vc_column][vc_column width=&#8221;1\/3&#8243;][vc_single_image image=&#8221;4148&#8243; alignment=&#8221;center&#8221;][vc_column_text]<\/p>\n<h5 style=\"text-align: center;\">CIRUG\u00cdA ROB\u00d3TICA<\/h5>\n<p>[\/vc_column_text][vc_column_text]<\/p>\n<p style=\"text-align: center;\">Es un procedimiento m\u00ednimamente invasivo para el tratamiento de diversas patolog\u00edas, donde todas las acciones son ejecutadas por el Medico, a trav\u00e9s de un robot de \u00faltima generaci\u00f3n. El sistema Qx Da Vinci es el instrumento quir\u00fargico m\u00e1s sofisticado existente. Es un robot esclavo, que obedece al cirujano a la vez que aumenta su capacidad para operar con precisi\u00f3n y destreza.<\/p>\n<p>[\/vc_column_text]<a href=\"https:\/\/vps-4371552-x.dattaweb.com\/index.php\/cirugia-robotica\/\" target=\"_self\"  class=\"mkd-btn mkd-btn-small mkd-btn-solid mkd-btn-hover-outline\"  >\n\t\t<span class=\"mkd-btn-text\">Ver m\u00e1s<\/span>\n\t\n\t\t\t<span class=\"mkd-btn-helper\" ><\/span>\n\t<\/a>[\/vc_column][\/vc_row][vc_row content_aligment=&#8221;center&#8221;][vc_column width=&#8221;1\/3&#8243;][vc_single_image image=&#8221;4149&#8243; alignment=&#8221;center&#8221;][vc_column_text]<\/p>\n<h5 style=\"text-align: center;\">COLOPROCTOLOG\u00cdA<\/h5>\n<p>[\/vc_column_text][vc_column_text]<\/p>\n<p style=\"text-align: center;\">Estudia todas las enfermedades que afectan al colon, al recto y al ano.<\/p>\n<p>[\/vc_column_text]<a href=\"https:\/\/vps-4371552-x.dattaweb.com\/index.php\/coloproctologia\/\" target=\"_self\"  class=\"mkd-btn mkd-btn-small mkd-btn-solid mkd-btn-hover-outline\"  >\n\t\t<span class=\"mkd-btn-text\">Ver m\u00e1s<\/span>\n\t\n\t\t\t<span class=\"mkd-btn-helper\" ><\/span>\n\t<\/a>[\/vc_column][vc_column width=&#8221;1\/3&#8243;][vc_single_image image=&#8221;4150&#8243; alignment=&#8221;center&#8221;][vc_column_text]<\/p>\n<h5 style=\"text-align: center;\">CIRUG\u00cdA CARDIOVASCULAR<\/h5>\n<p>[\/vc_column_text][vc_column_text]<\/p>\n<p style=\"text-align: center;\">Constituye la rama de la Cirug\u00eda que se ocupa de la prevenci\u00f3n, estudio y tratamiento de las enfermedades del coraz\u00f3n. Operan el coraz\u00f3n y los vasos sangu\u00edneos a fin de reparar el da\u00f1o causado por las enfermedades o trastornos del aparato cardiovascular.<\/p>\n<p>[\/vc_column_text]<a href=\"https:\/\/vps-4371552-x.dattaweb.com\/index.php\/cirugia-cardiovascular\/\" target=\"_self\"  class=\"mkd-btn mkd-btn-small mkd-btn-solid mkd-btn-hover-outline\"  >\n\t\t<span class=\"mkd-btn-text\">Ver m\u00e1s<\/span>\n\t\n\t\t\t<span class=\"mkd-btn-helper\" ><\/span>\n\t<\/a>[\/vc_column][vc_column width=&#8221;1\/3&#8243;][vc_single_image image=&#8221;4151&#8243; alignment=&#8221;center&#8221;][vc_column_text]<\/p>\n<h5 style=\"text-align: center;\">CIRUG\u00cdA GENERAL<\/h5>\n<p>[\/vc_column_text][vc_column_text]<\/p>\n<p style=\"text-align: center;\">Sin descripci\u00f3n.<\/p>\n<p>[\/vc_column_text]<a href=\"https:\/\/vps-4371552-x.dattaweb.com\/index.php\/cirugia-general\/\" target=\"_self\"  class=\"mkd-btn mkd-btn-small mkd-btn-solid mkd-btn-hover-outline\"  >\n\t\t<span class=\"mkd-btn-text\">Ver m\u00e1s<\/span>\n\t\n\t\t\t<span class=\"mkd-btn-helper\" ><\/span>\n\t<\/a>[\/vc_column][\/vc_row][vc_row content_aligment=&#8221;center&#8221;][vc_column width=&#8221;1\/3&#8243;][vc_single_image image=&#8221;4152&#8243; alignment=&#8221;center&#8221;][vc_column_text]<\/p>\n<h5 style=\"text-align: center;\">CIRUG\u00cdA DE TORAX<\/h5>\n<p>[\/vc_column_text][vc_column_text]<\/p>\n<p style=\"text-align: center;\">Sin descripci\u00f3n.<\/p>\n<p>[\/vc_column_text]<a href=\"https:\/\/vps-4371552-x.dattaweb.com\/index.php\/cirugia-de-torax\" target=\"_self\"  class=\"mkd-btn mkd-btn-small mkd-btn-solid mkd-btn-hover-outline\"  >\n\t\t<span class=\"mkd-btn-text\">Ver m\u00e1s<\/span>\n\t\n\t\t\t<span class=\"mkd-btn-helper\" ><\/span>\n\t<\/a>[\/vc_column][vc_column width=&#8221;1\/3&#8243;][vc_single_image image=&#8221;4153&#8243; alignment=&#8221;center&#8221;][vc_column_text]<\/p>\n<h5 style=\"text-align: center;\">GASTROENTEOLOG\u00cdA<\/h5>\n<p>[\/vc_column_text][vc_column_text]<\/p>\n<p style=\"text-align: center;\">Especialidad m\u00e9dica que se ocupa de las enfermedades del aparato digestivo y \u00f3rganos asociados, conformado por: es\u00f3fago, est\u00f3mago, h\u00edgado y v\u00edas biliares, p\u00e1ncreas, intestino delgado, colon y recto<\/p>\n<p>[\/vc_column_text]<a href=\"https:\/\/vps-4371552-x.dattaweb.com\/index.php\/gastroenterologia\/\" target=\"_self\"  class=\"mkd-btn mkd-btn-small mkd-btn-solid mkd-btn-hover-outline\"  >\n\t\t<span class=\"mkd-btn-text\">Ver m\u00e1s<\/span>\n\t\n\t\t\t<span class=\"mkd-btn-helper\" ><\/span>\n\t<\/a>[\/vc_column][vc_column width=&#8221;1\/3&#8243;][vc_single_image image=&#8221;4154&#8243; alignment=&#8221;center&#8221;][vc_column_text]<\/p>\n<h5 style=\"text-align: center;\">GERIATR\u00cdA<\/h5>\n<p>[\/vc_column_text][vc_column_text]<\/p>\n<p style=\"text-align: center;\">Rama de la medicina que se ocupa de las enfermedades de la vejez y de su tratamiento, se encarga de gestionar aspectos que aquejan a personas de la tercera edad, tales como la demencia, la depresi\u00f3n, trastornos del sue\u00f1o, etc.<\/p>\n<p>[\/vc_column_text]<a href=\"https:\/\/vps-4371552-x.dattaweb.com\/index.php\/geriatria\/\" target=\"_self\"  class=\"mkd-btn mkd-btn-small mkd-btn-solid mkd-btn-hover-outline\"  >\n\t\t<span class=\"mkd-btn-text\">Ver m\u00e1s<\/span>\n\t\n\t\t\t<span class=\"mkd-btn-helper\" ><\/span>\n\t<\/a>[\/vc_column][\/vc_row][vc_row content_aligment=&#8221;center&#8221;][vc_column width=&#8221;1\/3&#8243;][vc_single_image image=&#8221;4155&#8243; alignment=&#8221;center&#8221;][vc_column_text]<\/p>\n<h5 style=\"text-align: center;\">GINECOLOG\u00cdA Y OBSTETRICIA<\/h5>\n<p>[\/vc_column_text][vc_column_text]<\/p>\n<p style=\"text-align: center;\">Se especializa en la atenci\u00f3n de las mujeres durante el embarazo y el parto, y en el diagn\u00f3stico y tratamiento de enfermedades de los \u00f3rganos reproductivos femeninos.<\/p>\n<p>[\/vc_column_text]<a href=\"https:\/\/vps-4371552-x.dattaweb.com\/index.php\/ginecologia-y-obstetricia\/\" target=\"_self\"  class=\"mkd-btn mkd-btn-small mkd-btn-solid mkd-btn-hover-outline\"  >\n\t\t<span class=\"mkd-btn-text\">Ver m\u00e1s<\/span>\n\t\n\t\t\t<span class=\"mkd-btn-helper\" ><\/span>\n\t<\/a>[\/vc_column][vc_column width=&#8221;1\/3&#8243;][vc_single_image image=&#8221;4156&#8243; alignment=&#8221;center&#8221;][vc_column_text]<\/p>\n<h5 style=\"text-align: center;\">HEMATOLOG\u00cdA<\/h5>\n<p>[\/vc_column_text][vc_column_text]<\/p>\n<p style=\"text-align: center;\">Es una especialidad destinada al estudio, diagn\u00f3stico y tratamiento de las enfermedades de la sangre y de sus componentes celulares. Detecta una amplia variedad de afecciones, como anemia, una infecci\u00f3n y leucemia.<\/p>\n<p>[\/vc_column_text]<a href=\"https:\/\/vps-4371552-x.dattaweb.com\/index.php\/hematologia\/\" target=\"_self\"  class=\"mkd-btn mkd-btn-small mkd-btn-solid mkd-btn-hover-outline\"  >\n\t\t<span class=\"mkd-btn-text\">Ver m\u00e1s<\/span>\n\t\n\t\t\t<span class=\"mkd-btn-helper\" ><\/span>\n\t<\/a>[\/vc_column][vc_column width=&#8221;1\/3&#8243;][vc_single_image image=&#8221;4157&#8243; alignment=&#8221;center&#8221;][vc_column_text]<\/p>\n<h5 style=\"text-align: center;\">HEPATOLOG\u00cdA<\/h5>\n<p>[\/vc_column_text][vc_column_text]<\/p>\n<p style=\"text-align: center;\">Rama de la medicina que estudia el funcionamiento del h\u00edgado y las v\u00edas biliares y las diversas patolog\u00edas de este \u00f3rgano.<\/p>\n<p>[\/vc_column_text]<a href=\"https:\/\/vps-4371552-x.dattaweb.com\/index.php\/hepatologia\/\" target=\"_self\"  class=\"mkd-btn mkd-btn-small mkd-btn-solid mkd-btn-hover-outline\"  >\n\t\t<span class=\"mkd-btn-text\">Ver m\u00e1s<\/span>\n\t\n\t\t\t<span class=\"mkd-btn-helper\" ><\/span>\n\t<\/a>[\/vc_column][\/vc_row][vc_row content_aligment=&#8221;center&#8221;][vc_column width=&#8221;1\/3&#8243;][vc_single_image image=&#8221;4158&#8243; alignment=&#8221;center&#8221;][vc_column_text]<\/p>\n<h5 style=\"text-align: center;\">INFECTOLOG\u00cdA<\/h5>\n<p>[\/vc_column_text][vc_column_text]<\/p>\n<p style=\"text-align: center;\">Se encarga del estudio, la prevenci\u00f3n, el diagn\u00f3stico y el tratamiento de las enfermedades producidas por\u00a0agetes infecciosos.<\/p>\n<p>[\/vc_column_text]<a href=\"https:\/\/vps-4371552-x.dattaweb.com\/index.php\/infectologia\/\" target=\"_self\"  class=\"mkd-btn mkd-btn-small mkd-btn-solid mkd-btn-hover-outline\"  >\n\t\t<span class=\"mkd-btn-text\">Ver m\u00e1s<\/span>\n\t\n\t\t\t<span class=\"mkd-btn-helper\" ><\/span>\n\t<\/a>[\/vc_column][vc_column width=&#8221;1\/3&#8243;][vc_single_image image=&#8221;4159&#8243; alignment=&#8221;center&#8221;][vc_column_text]<\/p>\n<h5 style=\"text-align: center;\">CIRUG\u00cdA MATERNO FETAL<\/h5>\n<p>[\/vc_column_text][vc_column_text]<\/p>\n<p style=\"text-align: center;\">Se especializa en el manejo del Embarazo de Alto Riesgo ya sea por condici\u00f3n materna o fetal; con un enfoque en las complicaciones obst\u00e9tricas y sus efectos sobre la madre y el feto.<\/p>\n<p>[\/vc_column_text]<a href=\"https:\/\/vps-4371552-x.dattaweb.com\/index.php\/cirugia-materno-fetal\/\" target=\"_self\"  class=\"mkd-btn mkd-btn-small mkd-btn-solid mkd-btn-hover-outline\"  >\n\t\t<span class=\"mkd-btn-text\">Ver m\u00e1s<\/span>\n\t\n\t\t\t<span class=\"mkd-btn-helper\" ><\/span>\n\t<\/a>[\/vc_column][vc_column width=&#8221;1\/3&#8243;][vc_single_image image=&#8221;4160&#8243; alignment=&#8221;center&#8221;][vc_column_text]<\/p>\n<h5 style=\"text-align: center;\">MEDICINA CR\u00cdTICA<\/h5>\n<p>[\/vc_column_text][vc_column_text]<\/p>\n<p style=\"text-align: center;\">Rama de la medicina que maneja pacientes en estado de gravedad, asi como el impacto que esto puede tener en el resto de los \u00f3rganos y sistemas del cuerpo humano.<\/p>\n<p>[\/vc_column_text]<a href=\"https:\/\/vps-4371552-x.dattaweb.com\/index.php\/medicina-critica\/\" target=\"_self\"  class=\"mkd-btn mkd-btn-small mkd-btn-solid mkd-btn-hover-outline\"  >\n\t\t<span class=\"mkd-btn-text\">Ver m\u00e1s<\/span>\n\t\n\t\t\t<span class=\"mkd-btn-helper\" ><\/span>\n\t<\/a>[\/vc_column][\/vc_row][vc_row content_aligment=&#8221;center&#8221;][vc_column width=&#8221;1\/3&#8243;][vc_single_image image=&#8221;4161&#8243; alignment=&#8221;center&#8221;][vc_column_text]<\/p>\n<h5 style=\"text-align: center;\">MEDICINA INTERNA<\/h5>\n<p>[\/vc_column_text][vc_column_text]<\/p>\n<p style=\"text-align: center;\">Atiende de manera integral los problemas de salud que se presentan en los pacientes adultos.<\/p>\n<p>[\/vc_column_text]<a href=\"https:\/\/vps-4371552-x.dattaweb.com\/index.php\/medicina-interna\/\" target=\"_self\"  class=\"mkd-btn mkd-btn-small mkd-btn-solid mkd-btn-hover-outline\"  >\n\t\t<span class=\"mkd-btn-text\">Ver m\u00e1s<\/span>\n\t\n\t\t\t<span class=\"mkd-btn-helper\" ><\/span>\n\t<\/a>[\/vc_column][vc_column width=&#8221;1\/3&#8243;][vc_single_image image=&#8221;4162&#8243; alignment=&#8221;center&#8221;][vc_column_text]<\/p>\n<h5 style=\"text-align: center;\">NEFROLOG\u00cdA<\/h5>\n<p>[\/vc_column_text][vc_column_text]<\/p>\n<p style=\"text-align: center;\">Especialidad m\u00e9dica que estudia la anatom\u00eda de los ri\u00f1ones su estructura y la funci\u00f3n renal, tanto en la salud como en la enfermedad, incluyendo la prevenci\u00f3n y tratamiento de las enfermedades renales<\/p>\n<p>[\/vc_column_text]<a href=\"https:\/\/vps-4371552-x.dattaweb.com\/index.php\/nefrologia\/\" target=\"_self\"  class=\"mkd-btn mkd-btn-small mkd-btn-solid mkd-btn-hover-outline\"  >\n\t\t<span class=\"mkd-btn-text\">Ver m\u00e1s<\/span>\n\t\n\t\t\t<span class=\"mkd-btn-helper\" ><\/span>\n\t<\/a>[\/vc_column][\/vc_row]<\/p>\n","protected":false},"excerpt":{"rendered":"<p>[vc_row][vc_column][\/vc_column][\/vc_row][vc_row content_aligment=&#8221;center&#8221;][vc_column width=&#8221;1\/3&#8243;][vc_single_image image=&#8221;4137&#8243; alignment=&#8221;center&#8221;][vc_column_text] ALGOLOG\u00cdA [\/vc_column_text][vc_column_text] Ciencia que estudia el dolor y tratamiento del dolor [\/vc_column_text][\/vc_column][vc_column width=&#8221;1\/3&#8243;][vc_single_image image=&#8221;4141&#8243; alignment=&#8221;center&#8221;][vc_column_text] ANGIOLOG\u00cdA [\/vc_column_text][vc_column_text] Especialidad m\u00e9dico-quir\u00fargica encargada del diagn\u00f3stico y tratamiento de enfermedades que afecten a los vasos sangu\u00edneos, ya sean venas o arterias. [\/vc_column_text][\/vc_column][vc_column width=&#8221;1\/3&#8243;][vc_single_image image=&#8221;4144&#8243;&#8230;<\/p>\n","protected":false},"author":1,"featured_media":0,"parent":0,"menu_order":0,"comment_status":"closed","ping_status":"closed","template":"","meta":{"footnotes":""},"class_list":["post-4108","page","type-page","status-publish","hentry"],"_links":{"self":[{"href":"https:\/\/vps-4371552-x.dattaweb.com\/index.php\/wp-json\/wp\/v2\/pages\/4108","targetHints":{"allow":["GET"]}}],"collection":[{"href":"https:\/\/vps-4371552-x.dattaweb.com\/index.php\/wp-json\/wp\/v2\/pages"}],"about":[{"href":"https:\/\/vps-4371552-x.dattaweb.com\/index.php\/wp-json\/wp\/v2\/types\/page"}],"author":[{"embeddable":true,"href":"https:\/\/vps-4371552-x.dattaweb.com\/index.php\/wp-json\/wp\/v2\/users\/1"}],"replies":[{"embeddable":true,"href":"https:\/\/vps-4371552-x.dattaweb.com\/index.php\/wp-json\/wp\/v2\/comments?post=4108"}],"version-history":[{"count":0,"href":"https:\/\/vps-4371552-x.dattaweb.com\/index.php\/wp-json\/wp\/v2\/pages\/4108\/revisions"}],"wp:attachment":[{"href":"https:\/\/vps-4371552-x.dattaweb.com\/index.php\/wp-json\/wp\/v2\/media?parent=4108"}],"curies":[{"name":"wp","href":"https:\/\/api.w.org\/{rel}","templated":true}]}}