{"id":4202,"date":"2024-08-15T22:39:37","date_gmt":"2024-08-15T22:39:37","guid":{"rendered":"https:\/\/vps-4371552-x.dattaweb.com\/?page_id=4202"},"modified":"2024-08-28T01:20:52","modified_gmt":"2024-08-28T01:20:52","slug":"quienes-somos","status":"publish","type":"page","link":"https:\/\/vps-4371552-x.dattaweb.com\/index.php\/quienes-somos\/","title":{"rendered":"\u00bfQui\u00e9nes somos?"},"content":{"rendered":"<p>[vc_row][vc_column]<div class=\"mkd-section-title-holder\">\n\t<h2 class=\"mkd-section-title\" >\n\t\u00bfQui\u00e9nes somos?<\/h2>\n<\/div>[\/vc_column][\/vc_row][vc_row][vc_column width=&#8221;1\/2&#8243;][vc_single_image image=&#8221;3880&#8243; img_size=&#8221;&#8221; alignment=&#8221;center&#8221;][\/vc_column][vc_column width=&#8221;1\/2&#8243;]<div class=\"mkd-section-title-holder\">\n\t<h2 class=\"mkd-section-title\" >\n\tInstituto de especialidades m\u00e9dicas en Quer\u00e9taro<\/h2>\n<\/div>[vc_column_text]Somos un grupo de m\u00e9dicos de Alta especialidad posicionados y comprometidos con su profesi\u00f3n y con la gran cartera de clientes que representamos, as\u00ed como por el deseo de servir y que por medio de nuestra experiencia y conocimiento en distintas disciplinas medicas contribuimos a brindar una atenci\u00f3n personalizada y diferenciada enfocados en lograr la mayor satisfacci\u00f3n a nuestros pacientes<\/p>\n<ul class=\"list-unstyled mb-0 aos-init aos-animate\" data-aos=\"fade-up\" data-aos-duration=\"700\">\n<li>Directorio M\u00e9dico de Especialistas con amplia experiencia.<\/li>\n<li>Edificio Vanguardista con instalaciones de primer nivel.<\/li>\n<li>Ubicaci\u00f3n privilegiada en Quer\u00e9taro<\/li>\n<\/ul>\n<p>[\/vc_column_text][vc_empty_space]<a href=\"https:\/\/wa.me\/+524426111774\" target=\"_self\"  class=\"mkd-btn mkd-btn-medium mkd-btn-solid mkd-btn-hover-outline\"  >\n\t\t<span class=\"mkd-btn-text\">Agendar Cita<\/span>\n\t\n\t\t\t<span class=\"mkd-btn-helper\" ><\/span>\n\t<\/a>[vc_empty_space][\/vc_column][\/vc_row]<\/p>\n","protected":false},"excerpt":{"rendered":"<p>[vc_row][vc_column][\/vc_column][\/vc_row][vc_row][vc_column width=&#8221;1\/2&#8243;][vc_single_image image=&#8221;3880&#8243; img_size=&#8221;&#8221; alignment=&#8221;center&#8221;][\/vc_column][vc_column width=&#8221;1\/2&#8243;][vc_column_text]Somos un grupo de m\u00e9dicos de Alta especialidad posicionados y comprometidos con su profesi\u00f3n y con la gran cartera de clientes que representamos, as\u00ed como por el deseo de servir y que por medio de nuestra experiencia y conocimiento en&#8230;<\/p>\n","protected":false},"author":1,"featured_media":0,"parent":0,"menu_order":0,"comment_status":"closed","ping_status":"closed","template":"","meta":{"footnotes":""},"class_list":["post-4202","page","type-page","status-publish","hentry"],"_links":{"self":[{"href":"https:\/\/vps-4371552-x.dattaweb.com\/index.php\/wp-json\/wp\/v2\/pages\/4202","targetHints":{"allow":["GET"]}}],"collection":[{"href":"https:\/\/vps-4371552-x.dattaweb.com\/index.php\/wp-json\/wp\/v2\/pages"}],"about":[{"href":"https:\/\/vps-4371552-x.dattaweb.com\/index.php\/wp-json\/wp\/v2\/types\/page"}],"author":[{"embeddable":true,"href":"https:\/\/vps-4371552-x.dattaweb.com\/index.php\/wp-json\/wp\/v2\/users\/1"}],"replies":[{"embeddable":true,"href":"https:\/\/vps-4371552-x.dattaweb.com\/index.php\/wp-json\/wp\/v2\/comments?post=4202"}],"version-history":[{"count":0,"href":"https:\/\/vps-4371552-x.dattaweb.com\/index.php\/wp-json\/wp\/v2\/pages\/4202\/revisions"}],"wp:attachment":[{"href":"https:\/\/vps-4371552-x.dattaweb.com\/index.php\/wp-json\/wp\/v2\/media?parent=4202"}],"curies":[{"name":"wp","href":"https:\/\/api.w.org\/{rel}","templated":true}]}}